{"id":5705,"date":"2025-01-04T06:28:28","date_gmt":"2025-01-04T06:28:28","guid":{"rendered":"https:\/\/cebli.com\/wps\/?page_id=5705"},"modified":"2025-02-07T17:34:11","modified_gmt":"2025-02-07T17:34:11","slug":"5705-2","status":"publish","type":"page","link":"https:\/\/cebli.com\/?page_id=5705","title":{"rendered":"Projeler"},"content":{"rendered":"\t\t<div data-elementor-type=\"wp-page\" data-elementor-id=\"5705\" class=\"elementor elementor-5705\" data-elementor-post-type=\"page\">\n\t\t\t\t\t\t<section class=\"elementor-section elementor-top-section elementor-element elementor-element-16aa81cb elementor-section-height-min-height elementor-section-stretched elementor-section-boxed elementor-section-height-default elementor-section-items-middle\" data-id=\"16aa81cb\" data-element_type=\"section\" data-e-type=\"section\" data-settings=\"{&quot;background_background&quot;:&quot;classic&quot;,&quot;stretch_section&quot;:&quot;section-stretched&quot;}\">\n\t\t\t\t\t\t\t<div class=\"elementor-background-overlay\"><\/div>\n\t\t\t\t\t\t\t<div class=\"elementor-container elementor-column-gap-default\">\n\t\t\t\t\t<div class=\"elementor-column elementor-col-100 elementor-top-column elementor-element elementor-element-5a88c6af\" data-id=\"5a88c6af\" data-element_type=\"column\" data-e-type=\"column\">\n\t\t\t<div class=\"elementor-widget-wrap elementor-element-populated\">\n\t\t\t\t\t\t<div class=\"elementor-element elementor-element-64254819 elementor-widget elementor-widget-text-editor\" data-id=\"64254819\" data-element_type=\"widget\" data-e-type=\"widget\" data-widget_type=\"text-editor.default\">\n\t\t\t\t<div class=\"elementor-widget-container\">\n\t\t\t\t\t\t\t\t\t<p>PORTFOLIO<\/p>\t\t\t\t\t\t\t\t<\/div>\n\t\t\t\t<\/div>\n\t\t\t\t<div class=\"elementor-element elementor-element-4f74bdfa elementor-widget elementor-widget-heading\" data-id=\"4f74bdfa\" data-element_type=\"widget\" data-e-type=\"widget\" data-widget_type=\"heading.default\">\n\t\t\t\t<div class=\"elementor-widget-container\">\n\t\t\t\t\t<h2 class=\"elementor-heading-title elementor-size-default\">PROJELER<\/h2>\t\t\t\t<\/div>\n\t\t\t\t<\/div>\n\t\t\t\t\t<\/div>\n\t\t<\/div>\n\t\t\t\t\t<\/div>\n\t\t<\/section>\n\t\t\t\t<section class=\"elementor-section elementor-top-section elementor-element elementor-element-2a7de1ff elementor-section-boxed elementor-section-height-default elementor-section-height-default\" data-id=\"2a7de1ff\" data-element_type=\"section\" data-e-type=\"section\">\n\t\t\t\t\t\t<div class=\"elementor-container elementor-column-gap-default\">\n\t\t\t\t\t<div class=\"elementor-column elementor-col-100 elementor-top-column elementor-element elementor-element-6e0d64c7\" data-id=\"6e0d64c7\" data-element_type=\"column\" data-e-type=\"column\">\n\t\t\t<div class=\"elementor-widget-wrap elementor-element-populated\">\n\t\t\t\t\t\t<div class=\"elementor-element elementor-element-60d86884 elementor-widget elementor-widget-clbr-portfolio-section-widget\" data-id=\"60d86884\" data-element_type=\"widget\" data-e-type=\"widget\" data-widget_type=\"clbr-portfolio-section-widget.default\">\n\t\t\t\t<div class=\"elementor-widget-container\">\n\t\t\t\t\t\r\n\t\t<div class=\"clbr-portfolio-wrap\">\r\n\r\n\t\t\t\t\t\r\n\t\t<div id=\"filters-container\" class=\"cbp-l-filters-text boxed-filter-bar\" >\r\n\t\t\t\t\r\n\t\t\t\t\t\t\t\t\r\n\t\t\t\t<div data-filter=\"*\" class=\"cbp-filter-item-active cbp-filter-item\">\t\t\t\t\t\t\r\n\t\t\t\t\t\r\n\t\t\t\t\tAll\t\t\t\t\t\t\t\t\t\t\t\t\t\r\n\t\t\t\t<\/div>\r\n\t\t\t\t\t\r\n\t\t\t\t\t\t\t\t\t\r\n\t\t\t<div data-filter=.animasyon class=\"cbp-filter-item\">Animasyon<\/div><div data-filter=.gorsellestirme class=\"cbp-filter-item\">G\u00f6rselle\u015ftirme<\/div>\t\r\n\t\t<\/div>\r\n\r\n\t\r\n\t\t\t\r\n\t\t\t<div class=\"clbr-portfolio-section cbp clbr-portfolio-content-overlay grid clbr-portfolio-boxed-effect clbr-load-more-auto\" data-cbp-options=\"{&quot;filters&quot;:&quot;#filters-container, [id^=filters-container-subcategory]&quot;,&quot;defaultFilter&quot;:&quot;*&quot;,&quot;layoutMode&quot;:&quot;grid&quot;,&quot;sortToPreventGaps&quot;:true,&quot;animationType&quot;:&quot;3dFlip&quot;,&quot;gapHorizontal&quot;:40,&quot;gapVertical&quot;:40,&quot;gridAdjustment&quot;:&quot;responsive&quot;,&quot;caption&quot;:&quot;&quot;,&quot;displayType&quot;:&quot;default&quot;,&quot;displayTypeSpeed&quot;:100,&quot;mediaQueries&quot;:[{&quot;width&quot;:1025,&quot;cols&quot;:2},{&quot;width&quot;:790,&quot;cols&quot;:3},{&quot;width&quot;:680,&quot;cols&quot;:2},{&quot;width&quot;:600,&quot;cols&quot;:1}],&quot;plugins&quot;:{&quot;loadMore&quot;:{&quot;element&quot;:&quot;#more-projects&quot;,&quot;action&quot;:&quot;auto&quot;,&quot;loadItems&quot;:4}}}\" >\r\n\t\t\t\t\r\n\t\t\t\t\t\r\n\r\n\t\t\t<div class=\"clbr-portfolio-item cbp-item  animasyon gorsellestirme\" >\r\n\t\r\n\t\t\t\t<a id=\"item-4421\" class=\"clbr-portfolio-caption page\" href=\"https:\/\/cebli.com\/?portfolio=4421\" data-portfolio-id=\"4421\" >       \r\n\t\r\n\t\t\t\t\t\t\t\t\t\t\t\t\r\n\t\t\t<div class=\"clbr-portfolio-img-wrap\">\t\t\t\t\t\t\t\r\n\t\t\t\t<img fetchpriority=\"high\" decoding=\"async\" width=\"600\" height=\"500\"  src=\"data:image\/gif;base64,R0lGODlhAQABAPAAAP\/\/\/\/\/\/\/yH5BAAAAAAALAAAAAABAAEAAAICRAEAOw==\" data-cbp-src=\"https:\/\/cebli.com\/wp-content\/uploads\/2024\/12\/aksu_sn01-600x500.webp\" class=\"attachment-minfolio-portfolio-grid-image size-minfolio-portfolio-grid-image wp-post-image\" alt=\"\" \/>\t\r\n\t\t\t\t\t\t\t\t\r\n\t\t\t<\/div>\r\n\t\r\n\t\t\t\t\t\r\n\t\t\t\t<div class=\"clbr-portfolio-content-wrap clbr-portfolio-content-align-center\">      \r\n\t\t\t\t\t<div class=\"clbr-portfolio-content-body\">\r\n\t\r\n\t\t\t\t\t\t\t\t\t\t\t\t\t<h3 class=\"clbr-portfolio-title\">\r\n\t\t\t\t\t\t\t\tAntalya Voyage\t\t\t\t\t\t\t<\/h3>\r\n\t\t\t\t\t\t\t\r\n\t\t\t\t\t\t\t\t\t\t\t\t\t<div class=\"clbr-portfolio-desc\">\r\n\t\t\t\t\t\t\t\tAnimasyon \/ G\u00f6rselle\u015ftirme\t\t\t\t\t\t\t<\/div>\r\n\t\t\t\t\t\t\t\r\n\t\t\t\t\t<\/div>\r\n\t\r\n\t\t\t\t\t\t\r\n\t\t\t\t<\/div>\r\n\t\t\t\r\n\t\t\t\t\t\t\t\t\r\n\t\r\n\t\t\t\t<\/a>\r\n\t\r\n\t\t\t<\/div>\r\n\t\r\n\t\t\t\r\n\r\n\t\t\t<div class=\"clbr-portfolio-item cbp-item  animasyon gorsellestirme\" >\r\n\t\r\n\t\t\t\t<a id=\"item-5169\" class=\"clbr-portfolio-caption page\" href=\"https:\/\/cebli.com\/?portfolio=5169\" data-portfolio-id=\"5169\" >       \r\n\t\r\n\t\t\t\t\t\t\t\t\t\t\t\t\r\n\t\t\t<div class=\"clbr-portfolio-img-wrap\">\t\t\t\t\t\t\t\r\n\t\t\t\t<img decoding=\"async\" width=\"600\" height=\"500\"  src=\"data:image\/gif;base64,R0lGODlhAQABAPAAAP\/\/\/\/\/\/\/yH5BAAAAAAALAAAAAABAAEAAAICRAEAOw==\" data-cbp-src=\"https:\/\/cebli.com\/wp-content\/uploads\/2024\/12\/fbr_still_06-600x500.webp\" class=\"attachment-minfolio-portfolio-grid-image size-minfolio-portfolio-grid-image wp-post-image\" alt=\"\" \/>\t\r\n\t\t\t\t\t\t\t\t\r\n\t\t\t<\/div>\r\n\t\r\n\t\t\t\t\t\r\n\t\t\t\t<div class=\"clbr-portfolio-content-wrap clbr-portfolio-content-align-center\">      \r\n\t\t\t\t\t<div class=\"clbr-portfolio-content-body\">\r\n\t\r\n\t\t\t\t\t\t\t\t\t\t\t\t\t<h3 class=\"clbr-portfolio-title\">\r\n\t\t\t\t\t\t\t\tResidence Alanya\t\t\t\t\t\t\t<\/h3>\r\n\t\t\t\t\t\t\t\r\n\t\t\t\t\t\t\t\t\t\t\t\t\t<div class=\"clbr-portfolio-desc\">\r\n\t\t\t\t\t\t\t\tAnimasyon \/ G\u00f6rselle\u015ftirme\t\t\t\t\t\t\t<\/div>\r\n\t\t\t\t\t\t\t\r\n\t\t\t\t\t<\/div>\r\n\t\r\n\t\t\t\t\t\t\r\n\t\t\t\t<\/div>\r\n\t\t\t\r\n\t\t\t\t\t\t\t\t\r\n\t\r\n\t\t\t\t<\/a>\r\n\t\r\n\t\t\t<\/div>\r\n\t\r\n\t\t\t\r\n\r\n\t\t\t<div class=\"clbr-portfolio-item cbp-item  animasyon gorsellestirme\" >\r\n\t\r\n\t\t\t\t<a id=\"item-5171\" class=\"clbr-portfolio-caption page\" href=\"https:\/\/cebli.com\/?portfolio=5171\" data-portfolio-id=\"5171\" >       \r\n\t\r\n\t\t\t\t\t\t\t\t\t\t\t\t\r\n\t\t\t<div class=\"clbr-portfolio-img-wrap\">\t\t\t\t\t\t\t\r\n\t\t\t\t<img decoding=\"async\" width=\"600\" height=\"500\"  src=\"data:image\/gif;base64,R0lGODlhAQABAPAAAP\/\/\/\/\/\/\/yH5BAAAAAAALAAAAAABAAEAAAICRAEAOw==\" data-cbp-src=\"https:\/\/cebli.com\/wp-content\/uploads\/2024\/12\/keyapetra_ext_06-600x500.webp\" class=\"attachment-minfolio-portfolio-grid-image size-minfolio-portfolio-grid-image wp-post-image\" alt=\"\" \/>\t\r\n\t\t\t\t\t\t\t\t\r\n\t\t\t<\/div>\r\n\t\r\n\t\t\t\t\t\r\n\t\t\t\t<div class=\"clbr-portfolio-content-wrap clbr-portfolio-content-align-center\">      \r\n\t\t\t\t\t<div class=\"clbr-portfolio-content-body\">\r\n\t\r\n\t\t\t\t\t\t\t\t\t\t\t\t\t<h3 class=\"clbr-portfolio-title\">\r\n\t\t\t\t\t\t\t\tKeya Petra Erdemli Mersin\t\t\t\t\t\t\t<\/h3>\r\n\t\t\t\t\t\t\t\r\n\t\t\t\t\t\t\t\t\t\t\t\t\t<div class=\"clbr-portfolio-desc\">\r\n\t\t\t\t\t\t\t\tAnimasyon \/ G\u00f6rselle\u015ftirme\t\t\t\t\t\t\t<\/div>\r\n\t\t\t\t\t\t\t\r\n\t\t\t\t\t<\/div>\r\n\t\r\n\t\t\t\t\t\t\r\n\t\t\t\t<\/div>\r\n\t\t\t\r\n\t\t\t\t\t\t\t\t\r\n\t\r\n\t\t\t\t<\/a>\r\n\t\r\n\t\t\t<\/div>\r\n\t\r\n\t\t\t\r\n\r\n\t\t\t<div class=\"clbr-portfolio-item cbp-item  animasyon gorsellestirme\" >\r\n\t\r\n\t\t\t\t<a id=\"item-5416\" class=\"clbr-portfolio-caption page\" href=\"https:\/\/cebli.com\/?portfolio=5416\" data-portfolio-id=\"5416\" >       \r\n\t\r\n\t\t\t\t\t\t\t\t\t\t\t\t\r\n\t\t\t<div class=\"clbr-portfolio-img-wrap\">\t\t\t\t\t\t\t\r\n\t\t\t\t<img loading=\"lazy\" decoding=\"async\" width=\"600\" height=\"500\"  src=\"data:image\/gif;base64,R0lGODlhAQABAPAAAP\/\/\/\/\/\/\/yH5BAAAAAAALAAAAAABAAEAAAICRAEAOw==\" data-cbp-src=\"https:\/\/cebli.com\/wp-content\/uploads\/2024\/12\/kayisehri_15_gece-600x500.webp\" class=\"attachment-minfolio-portfolio-grid-image size-minfolio-portfolio-grid-image wp-post-image\" alt=\"\" \/>\t\r\n\t\t\t\t\t\t\t\t\r\n\t\t\t<\/div>\r\n\t\r\n\t\t\t\t\t\r\n\t\t\t\t<div class=\"clbr-portfolio-content-wrap clbr-portfolio-content-align-center\">      \r\n\t\t\t\t\t<div class=\"clbr-portfolio-content-body\">\r\n\t\r\n\t\t\t\t\t\t\t\t\t\t\t\t\t<h3 class=\"clbr-portfolio-title\">\r\n\t\t\t\t\t\t\t\tKay\u0131 \u015eehri Kurtk\u00f6y\t\t\t\t\t\t\t<\/h3>\r\n\t\t\t\t\t\t\t\r\n\t\t\t\t\t\t\t\t\t\t\t\t\t<div class=\"clbr-portfolio-desc\">\r\n\t\t\t\t\t\t\t\tAnimasyon \/ G\u00f6rselle\u015ftirme\t\t\t\t\t\t\t<\/div>\r\n\t\t\t\t\t\t\t\r\n\t\t\t\t\t<\/div>\r\n\t\r\n\t\t\t\t\t\t\r\n\t\t\t\t<\/div>\r\n\t\t\t\r\n\t\t\t\t\t\t\t\t\r\n\t\r\n\t\t\t\t<\/a>\r\n\t\r\n\t\t\t<\/div>\r\n\t\r\n\t\t\r\n\t\t\t<\/div><!--End #grid-container-->\r\n\r\n\t\t\t\r\n\t\t<div id=\"more-projects\" class=\"clbr-btn-wrapper load-more\">\r\n\t\t\t<a href=\"https:\/\/cebli.com\/wp-admin\/admin-ajax.php?action=minfolio_load_more_portfolio_items&#038;security=4d33f64ccb&#038;of=4&#038;ob=date&#038;od=ASC&#038;cp=content-overlay&#038;fc=include&#038;ec=animasyon,gorsellestirme&#038;fp=&#038;ep=&#038;ca=center&#038;oa=boxed-effect&#038;ua=&#038;pl=grid&#038;st=yes&#038;ss=yes\" class=\"clbr-btn cbp-l-loadMore-link clbr-btn-md\">\t\t\t\t\r\n\t\t\t\t<span class=\"cbp-l-loadMore-defaultText\"><\/span>\r\n\t\t\t\t<span class=\"cbp-l-loadMore-loadingText\"><\/span>\r\n\t\t\t\t<span class=\"cbp-l-loadMore-noMoreLoading\"><\/span>\r\n\t\t\t<\/a>\r\n\t\t<\/div>\t\r\n\t\r\n\t\r\n\r\n\t\t\r\n\r\n\t\t<\/div>\r\n\r\n\t\t\t\t\t<\/div>\n\t\t\t\t<\/div>\n\t\t\t\t\t<\/div>\n\t\t<\/div>\n\t\t\t\t\t<\/div>\n\t\t<\/section>\n\t\t\t\t<\/div>\n\t\t","protected":false},"excerpt":{"rendered":"<p>PORTFOLIO PROJELER All AnimasyonG\u00f6rselle\u015ftirme Antalya Voyage Animasyon \/ G\u00f6rselle\u015ftirme Residence Alanya Animasyon \/ G\u00f6rselle\u015ftirme Keya Petra Erdemli Mersin Animasyon \/ G\u00f6rselle\u015ftirme Kay\u0131 \u015eehri Kurtk\u00f6y Animasyon \/ G\u00f6rselle\u015ftirme<\/p>\n","protected":false},"author":1,"featured_media":0,"parent":0,"menu_order":0,"comment_status":"closed","ping_status":"closed","template":"","meta":{"footnotes":""},"class_list":["post-5705","page","type-page","status-publish","hentry"],"_links":{"self":[{"href":"https:\/\/cebli.com\/index.php?rest_route=\/wp\/v2\/pages\/5705","targetHints":{"allow":["GET"]}}],"collection":[{"href":"https:\/\/cebli.com\/index.php?rest_route=\/wp\/v2\/pages"}],"about":[{"href":"https:\/\/cebli.com\/index.php?rest_route=\/wp\/v2\/types\/page"}],"author":[{"embeddable":true,"href":"https:\/\/cebli.com\/index.php?rest_route=\/wp\/v2\/users\/1"}],"replies":[{"embeddable":true,"href":"https:\/\/cebli.com\/index.php?rest_route=%2Fwp%2Fv2%2Fcomments&post=5705"}],"version-history":[{"count":10,"href":"https:\/\/cebli.com\/index.php?rest_route=\/wp\/v2\/pages\/5705\/revisions"}],"predecessor-version":[{"id":6547,"href":"https:\/\/cebli.com\/index.php?rest_route=\/wp\/v2\/pages\/5705\/revisions\/6547"}],"wp:attachment":[{"href":"https:\/\/cebli.com\/index.php?rest_route=%2Fwp%2Fv2%2Fmedia&parent=5705"}],"curies":[{"name":"wp","href":"https:\/\/api.w.org\/{rel}","templated":true}]}}