{"id":5600,"date":"2025-01-03T06:31:38","date_gmt":"2025-01-03T06:31:38","guid":{"rendered":"https:\/\/cebli.com\/wps\/?page_id=5600"},"modified":"2025-01-08T19:19:03","modified_gmt":"2025-01-08T19:19:03","slug":"5600-2","status":"publish","type":"page","link":"https:\/\/cebli.com\/?page_id=5600","title":{"rendered":"Dijital Sergi"},"content":{"rendered":"\t\t<div data-elementor-type=\"wp-page\" data-elementor-id=\"5600\" class=\"elementor elementor-5600\" data-elementor-post-type=\"page\">\n\t\t\t\t\t\t<section class=\"elementor-section elementor-top-section elementor-element elementor-element-69bd3edb elementor-section-height-min-height elementor-section-stretched elementor-section-boxed elementor-section-height-default elementor-section-items-middle\" data-id=\"69bd3edb\" data-element_type=\"section\" data-e-type=\"section\" data-settings=\"{&quot;background_background&quot;:&quot;classic&quot;,&quot;stretch_section&quot;:&quot;section-stretched&quot;}\">\n\t\t\t\t\t\t\t<div class=\"elementor-background-overlay\"><\/div>\n\t\t\t\t\t\t\t<div class=\"elementor-container elementor-column-gap-default\">\n\t\t\t\t\t<div class=\"elementor-column elementor-col-100 elementor-top-column elementor-element elementor-element-770b4ea6\" data-id=\"770b4ea6\" data-element_type=\"column\" data-e-type=\"column\">\n\t\t\t<div class=\"elementor-widget-wrap elementor-element-populated\">\n\t\t\t\t\t\t<div class=\"elementor-element elementor-element-75c396f3 elementor-widget elementor-widget-text-editor\" data-id=\"75c396f3\" data-element_type=\"widget\" data-e-type=\"widget\" data-widget_type=\"text-editor.default\">\n\t\t\t\t<div class=\"elementor-widget-container\">\n\t\t\t\t\t\t\t\t\t<p>PORTFOLIO<\/p>\t\t\t\t\t\t\t\t<\/div>\n\t\t\t\t<\/div>\n\t\t\t\t<div class=\"elementor-element elementor-element-45f374b elementor-widget elementor-widget-heading\" data-id=\"45f374b\" data-element_type=\"widget\" data-e-type=\"widget\" data-widget_type=\"heading.default\">\n\t\t\t\t<div class=\"elementor-widget-container\">\n\t\t\t\t\t<h2 class=\"elementor-heading-title elementor-size-default\">Dijital Sergi \u00d6rnekleri<\/h2>\t\t\t\t<\/div>\n\t\t\t\t<\/div>\n\t\t\t\t\t<\/div>\n\t\t<\/div>\n\t\t\t\t\t<\/div>\n\t\t<\/section>\n\t\t\t\t<section class=\"elementor-section elementor-top-section elementor-element elementor-element-4d4b6959 elementor-section-boxed elementor-section-height-default elementor-section-height-default\" data-id=\"4d4b6959\" data-element_type=\"section\" data-e-type=\"section\">\n\t\t\t\t\t\t<div class=\"elementor-container elementor-column-gap-default\">\n\t\t\t\t\t<div class=\"elementor-column elementor-col-100 elementor-top-column elementor-element elementor-element-1a4e9af2\" data-id=\"1a4e9af2\" data-element_type=\"column\" data-e-type=\"column\">\n\t\t\t<div class=\"elementor-widget-wrap elementor-element-populated\">\n\t\t\t\t\t\t<div class=\"elementor-element elementor-element-12db0589 elementor-widget elementor-widget-clbr-portfolio-section-widget\" data-id=\"12db0589\" data-element_type=\"widget\" data-e-type=\"widget\" data-widget_type=\"clbr-portfolio-section-widget.default\">\n\t\t\t\t<div class=\"elementor-widget-container\">\n\t\t\t\t\t\r\n\t\t<div class=\"clbr-portfolio-wrap\">\r\n\r\n\t\t\t\r\n\t\t\t\r\n\t\t\t<div class=\"clbr-portfolio-section cbp clbr-portfolio-content-overlay grid clbr-portfolio-boxed-effect clbr-load-more-auto\" data-cbp-options=\"{&quot;layoutMode&quot;:&quot;grid&quot;,&quot;sortToPreventGaps&quot;:true,&quot;animationType&quot;:&quot;&quot;,&quot;gapHorizontal&quot;:40,&quot;gapVertical&quot;:40,&quot;gridAdjustment&quot;:&quot;responsive&quot;,&quot;caption&quot;:&quot;&quot;,&quot;displayType&quot;:&quot;default&quot;,&quot;displayTypeSpeed&quot;:100,&quot;mediaQueries&quot;:[{&quot;width&quot;:1025,&quot;cols&quot;:2},{&quot;width&quot;:790,&quot;cols&quot;:3},{&quot;width&quot;:680,&quot;cols&quot;:2},{&quot;width&quot;:600,&quot;cols&quot;:1}],&quot;plugins&quot;:{&quot;loadMore&quot;:{&quot;element&quot;:&quot;#more-projects&quot;,&quot;action&quot;:&quot;auto&quot;,&quot;loadItems&quot;:4}}}\" >\r\n\t\t\t\t\r\n\t\t\t\t\t\r\n\r\n\t\t\t<div class=\"clbr-portfolio-item cbp-item  dijital-sergi\" >\r\n\t\r\n\t\t\t\t<a id=\"item-5606\" class=\"clbr-portfolio-caption page\" href=\"https:\/\/cebli.com\/?portfolio=5606\" data-portfolio-id=\"5606\" >       \r\n\t\r\n\t\t\t\t\t\t\t\t\t\t\t\t\r\n\t\t\t<div class=\"clbr-portfolio-img-wrap\">\t\t\t\t\t\t\t\r\n\t\t\t\t<img fetchpriority=\"high\" decoding=\"async\" width=\"600\" height=\"500\"  src=\"data:image\/gif;base64,R0lGODlhAQABAPAAAP\/\/\/\/\/\/\/yH5BAAAAAAALAAAAAABAAEAAAICRAEAOw==\" data-cbp-src=\"https:\/\/cebli.com\/wp-content\/uploads\/2025\/01\/vedahaccihutbeleri-600x500.webp\" class=\"attachment-minfolio-portfolio-grid-image size-minfolio-portfolio-grid-image wp-post-image\" alt=\"\" \/>\t\r\n\t\t\t\t\t\t\t\t\r\n\t\t\t<\/div>\r\n\t\r\n\t\t\t\t\t\r\n\t\t\t\t<div class=\"clbr-portfolio-content-wrap clbr-portfolio-content-align-center\">      \r\n\t\t\t\t\t<div class=\"clbr-portfolio-content-body\">\r\n\t\r\n\t\t\t\t\t\t\t\t\t\t\t\t\t<h3 class=\"clbr-portfolio-title\">\r\n\t\t\t\t\t\t\t\tY\u0131ld\u0131z Holding Dijital Hat Sergisi V1.0\t\t\t\t\t\t\t<\/h3>\r\n\t\t\t\t\t\t\t\r\n\t\t\t\t\t\t\t\r\n\t\t\t\t\t<\/div>\r\n\t\r\n\t\t\t\t\t\t\r\n\t\t\t\t<\/div>\r\n\t\t\t\r\n\t\t\t\t\t\t\t\t\r\n\t\r\n\t\t\t\t<\/a>\r\n\t\r\n\t\t\t<\/div>\r\n\t\r\n\t\t\t\r\n\r\n\t\t\t<div class=\"clbr-portfolio-item cbp-item  dijital-sergi\" >\r\n\t\r\n\t\t\t\t<a id=\"item-5763\" class=\"clbr-portfolio-caption page\" href=\"https:\/\/cebli.com\/?portfolio=5763\" data-portfolio-id=\"5763\" >       \r\n\t\r\n\t\t\t\t\t\t\t\t\t\t\t\t\r\n\t\t\t<div class=\"clbr-portfolio-img-wrap\">\t\t\t\t\t\t\t\r\n\t\t\t\t<img decoding=\"async\" width=\"600\" height=\"500\"  src=\"data:image\/gif;base64,R0lGODlhAQABAPAAAP\/\/\/\/\/\/\/yH5BAAAAAAALAAAAAABAAEAAAICRAEAOw==\" data-cbp-src=\"https:\/\/cebli.com\/wp-content\/uploads\/2025\/01\/dijital-hat-sergisi-600x500.webp\" class=\"attachment-minfolio-portfolio-grid-image size-minfolio-portfolio-grid-image wp-post-image\" alt=\"\" \/>\t\r\n\t\t\t\t\t\t\t\t\r\n\t\t\t<\/div>\r\n\t\r\n\t\t\t\t\t\r\n\t\t\t\t<div class=\"clbr-portfolio-content-wrap clbr-portfolio-content-align-center\">      \r\n\t\t\t\t\t<div class=\"clbr-portfolio-content-body\">\r\n\t\r\n\t\t\t\t\t\t\t\t\t\t\t\t\t<h3 class=\"clbr-portfolio-title\">\r\n\t\t\t\t\t\t\t\tAlbaraka K\u00fclt\u00fcr Dijital Hat Sergisi V1.0\t\t\t\t\t\t\t<\/h3>\r\n\t\t\t\t\t\t\t\r\n\t\t\t\t\t\t\t\r\n\t\t\t\t\t<\/div>\r\n\t\r\n\t\t\t\t\t\t\r\n\t\t\t\t<\/div>\r\n\t\t\t\r\n\t\t\t\t\t\t\t\t\r\n\t\r\n\t\t\t\t<\/a>\r\n\t\r\n\t\t\t<\/div>\r\n\t\r\n\t\t\r\n\t\t\t<\/div><!--End #grid-container-->\r\n\r\n\t\t\t\r\n\t\t<div id=\"more-projects\" class=\"clbr-btn-wrapper load-more\">\r\n\t\t\t<a href=\"https:\/\/cebli.com\/wp-admin\/admin-ajax.php?action=minfolio_load_more_portfolio_items&#038;security=01ea798f38&#038;of=4&#038;ob=date&#038;od=ASC&#038;cp=content-overlay&#038;fc=include&#038;ec=dijital-sergi&#038;fp=&#038;ep=&#038;ca=center&#038;oa=boxed-effect&#038;ua=&#038;pl=grid&#038;st=yes&#038;ss=\" class=\"clbr-btn cbp-l-loadMore-link clbr-btn-md\">\t\t\t\t\r\n\t\t\t\t<span class=\"cbp-l-loadMore-defaultText\"><\/span>\r\n\t\t\t\t<span class=\"cbp-l-loadMore-loadingText\"><\/span>\r\n\t\t\t\t<span class=\"cbp-l-loadMore-noMoreLoading\"><\/span>\r\n\t\t\t<\/a>\r\n\t\t<\/div>\t\r\n\t\r\n\t\r\n\r\n\t\t\r\n\r\n\t\t<\/div>\r\n\r\n\t\t\t\t\t<\/div>\n\t\t\t\t<\/div>\n\t\t\t\t\t<\/div>\n\t\t<\/div>\n\t\t\t\t\t<\/div>\n\t\t<\/section>\n\t\t\t\t<\/div>\n\t\t","protected":false},"excerpt":{"rendered":"<p>PORTFOLIO Dijital Sergi \u00d6rnekleri Y\u0131ld\u0131z Holding Dijital Hat Sergisi V1.0 Albaraka K\u00fclt\u00fcr Dijital Hat Sergisi V1.0<\/p>\n","protected":false},"author":1,"featured_media":0,"parent":0,"menu_order":0,"comment_status":"closed","ping_status":"closed","template":"","meta":{"footnotes":""},"class_list":["post-5600","page","type-page","status-publish","hentry"],"_links":{"self":[{"href":"https:\/\/cebli.com\/index.php?rest_route=\/wp\/v2\/pages\/5600","targetHints":{"allow":["GET"]}}],"collection":[{"href":"https:\/\/cebli.com\/index.php?rest_route=\/wp\/v2\/pages"}],"about":[{"href":"https:\/\/cebli.com\/index.php?rest_route=\/wp\/v2\/types\/page"}],"author":[{"embeddable":true,"href":"https:\/\/cebli.com\/index.php?rest_route=\/wp\/v2\/users\/1"}],"replies":[{"embeddable":true,"href":"https:\/\/cebli.com\/index.php?rest_route=%2Fwp%2Fv2%2Fcomments&post=5600"}],"version-history":[{"count":28,"href":"https:\/\/cebli.com\/index.php?rest_route=\/wp\/v2\/pages\/5600\/revisions"}],"predecessor-version":[{"id":6283,"href":"https:\/\/cebli.com\/index.php?rest_route=\/wp\/v2\/pages\/5600\/revisions\/6283"}],"wp:attachment":[{"href":"https:\/\/cebli.com\/index.php?rest_route=%2Fwp%2Fv2%2Fmedia&parent=5600"}],"curies":[{"name":"wp","href":"https:\/\/api.w.org\/{rel}","templated":true}]}}