{"id":5548,"date":"2024-12-31T08:44:53","date_gmt":"2024-12-31T08:44:53","guid":{"rendered":"https:\/\/cebli.com\/wps\/?page_id=5548"},"modified":"2025-01-08T19:07:27","modified_gmt":"2025-01-08T19:07:27","slug":"5548-2","status":"publish","type":"page","link":"https:\/\/cebli.com\/?page_id=5548","title":{"rendered":"\u00dcr\u00fcn Sergisi"},"content":{"rendered":"\t\t<div data-elementor-type=\"wp-page\" data-elementor-id=\"5548\" class=\"elementor elementor-5548\" data-elementor-post-type=\"page\">\n\t\t\t\t\t\t<section class=\"elementor-section elementor-top-section elementor-element elementor-element-56187656 elementor-section-height-min-height elementor-section-stretched elementor-section-boxed elementor-section-height-default elementor-section-items-middle\" data-id=\"56187656\" data-element_type=\"section\" data-e-type=\"section\" data-settings=\"{&quot;background_background&quot;:&quot;classic&quot;,&quot;stretch_section&quot;:&quot;section-stretched&quot;}\">\n\t\t\t\t\t\t\t<div class=\"elementor-background-overlay\"><\/div>\n\t\t\t\t\t\t\t<div class=\"elementor-container elementor-column-gap-default\">\n\t\t\t\t\t<div class=\"elementor-column elementor-col-100 elementor-top-column elementor-element elementor-element-443d5ed6\" data-id=\"443d5ed6\" data-element_type=\"column\" data-e-type=\"column\">\n\t\t\t<div class=\"elementor-widget-wrap elementor-element-populated\">\n\t\t\t\t\t\t<div class=\"elementor-element elementor-element-65730cb6 elementor-widget elementor-widget-text-editor\" data-id=\"65730cb6\" data-element_type=\"widget\" data-e-type=\"widget\" data-widget_type=\"text-editor.default\">\n\t\t\t\t<div class=\"elementor-widget-container\">\n\t\t\t\t\t\t\t\t\t<p>\u00dcR\u00dcN MODELLEME VE G\u00d6RSELLE\u015eT\u0130RME<\/p>\t\t\t\t\t\t\t\t<\/div>\n\t\t\t\t<\/div>\n\t\t\t\t<div class=\"elementor-element elementor-element-5bff5d75 elementor-widget elementor-widget-heading\" data-id=\"5bff5d75\" data-element_type=\"widget\" data-e-type=\"widget\" data-widget_type=\"heading.default\">\n\t\t\t\t<div class=\"elementor-widget-container\">\n\t\t\t\t\t<h2 class=\"elementor-heading-title elementor-size-default\">Sanal Mekanlarda \u00dcr\u00fcnlerinizi Tan\u0131tman\u0131n Avantajlar\u0131 <\/h2>\t\t\t\t<\/div>\n\t\t\t\t<\/div>\n\t\t\t\t\t<\/div>\n\t\t<\/div>\n\t\t\t\t\t<\/div>\n\t\t<\/section>\n\t\t<div class=\"elementor-element elementor-element-d05b60c e-flex e-con-boxed e-con e-parent\" data-id=\"d05b60c\" data-element_type=\"container\" data-e-type=\"container\">\n\t\t\t\t\t<div class=\"e-con-inner\">\n\t\t\t\t<div class=\"elementor-element elementor-element-58c24e7 elementor-widget elementor-widget-image\" data-id=\"58c24e7\" data-element_type=\"widget\" data-e-type=\"widget\" data-widget_type=\"image.default\">\n\t\t\t\t<div class=\"elementor-widget-container\">\n\t\t\t\t\t\t\t\t\t\t\t\t\t\t\t\t<a href=\"https:\/\/www.cebli.com\/metcodental\">\n\t\t\t\t\t\t\t<img fetchpriority=\"high\" decoding=\"async\" width=\"1024\" height=\"576\" src=\"https:\/\/cebli.com\/wp-content\/uploads\/2025\/01\/metcodental-1-1024x576.webp\" class=\"attachment-large size-large wp-image-6266\" alt=\"\" srcset=\"https:\/\/cebli.com\/wp-content\/uploads\/2025\/01\/metcodental-1-1024x576.webp 1024w, https:\/\/cebli.com\/wp-content\/uploads\/2025\/01\/metcodental-1-300x169.webp 300w, https:\/\/cebli.com\/wp-content\/uploads\/2025\/01\/metcodental-1-768x432.webp 768w, https:\/\/cebli.com\/wp-content\/uploads\/2025\/01\/metcodental-1-1536x864.webp 1536w, https:\/\/cebli.com\/wp-content\/uploads\/2025\/01\/metcodental-1-600x338.webp 600w, https:\/\/cebli.com\/wp-content\/uploads\/2025\/01\/metcodental-1.webp 2000w\" sizes=\"(max-width: 1024px) 100vw, 1024px\" \/>\t\t\t\t\t\t\t\t<\/a>\n\t\t\t\t\t\t\t\t\t\t\t\t\t\t\t<\/div>\n\t\t\t\t<\/div>\n\t\t\t\t\t<\/div>\n\t\t\t\t<\/div>\n\t\t<div class=\"elementor-element elementor-element-cd1fb83 e-flex e-con-boxed e-con e-parent\" data-id=\"cd1fb83\" data-element_type=\"container\" data-e-type=\"container\">\n\t\t\t\t\t<div class=\"e-con-inner\">\n\t\t\t\t<div class=\"elementor-element elementor-element-d9bb73d elementor-widget elementor-widget-text-editor\" data-id=\"d9bb73d\" data-element_type=\"widget\" data-e-type=\"widget\" data-widget_type=\"text-editor.default\">\n\t\t\t\t<div class=\"elementor-widget-container\">\n\t\t\t\t\t\t\t\t\t<h4><strong>\u00dcr\u00fcn Tan\u0131t\u0131m\u0131n\u0131n G\u00fcc\u00fc<\/strong><\/h4><p><!-- \/wp:heading --><\/p><p><!-- wp:paragraph --><\/p><p>G\u00fcn\u00fcm\u00fczde, \u00fcr\u00fcnlerinizi sanal mekanlarda tan\u0131tmak, markan\u0131z\u0131n g\u00f6r\u00fcn\u00fcrl\u00fc\u011f\u00fcn\u00fc art\u0131rman\u0131n ve m\u00fc\u015fterilere ula\u015fman\u0131n en etkili yollar\u0131ndan biridir. \u0130nternetin sundu\u011fu geni\u015f olanaklar sayesinde, hedef kitlenize h\u0131zl\u0131 bir \u015fekilde ula\u015fabilirsiniz. Bu, markan\u0131z\u0131 daha geni\u015f kitlelere tan\u0131tma f\u0131rsat\u0131 sunar.<\/p><p><!-- \/wp:paragraph --><\/p><p><!-- wp:heading {\"level\":2} --><\/p><h4><strong>Dijital Platformlar\u0131n \u00d6nemi<\/strong><\/h4><p><!-- \/wp:heading --><\/p><p><!-- wp:paragraph --><\/p><p>Sanal mekanlar, sosyal medya, e-ticaret web siteleri ve dijital reklamlar gibi bir\u00e7ok platformu i\u00e7ermektedir. Bu platformlarda yer almak, \u00fcr\u00fcnlerinizi tan\u0131tmak i\u00e7in yarat\u0131c\u0131 f\u0131rsatlar sa\u011flamaktad\u0131r. G\u00f6rsel i\u00e7erikler ve etkileyici hikayeler ile potansiyel m\u00fc\u015fterilerin dikkatini \u00e7ekmek m\u00fcmk\u00fcnd\u00fcr.<\/p><p><!-- \/wp:paragraph --><\/p><p><!-- wp:heading {\"level\":2} --><\/p><h4><strong>M\u00fc\u015fteri Etkile\u015fimini Art\u0131rmak<\/strong><\/h4><p><!-- \/wp:heading --><\/p><p><!-- wp:paragraph --><\/p><p>\u00dcr\u00fcnlerinizi sanal mekanlarda tan\u0131tarak, m\u00fc\u015fterilerle do\u011frudan etkile\u015fim kurma \u015fans\u0131 elde edersiniz. Anketler, geri bildirimler ve sosyal medya yorumlar\u0131 sayesinde, m\u00fc\u015fteri deneyimini geli\u015ftirmek i\u00e7in \u00f6nemli veriler toplayabilirsiniz. B\u00f6ylece, al\u0131c\u0131larla daha yak\u0131n bir ili\u015fki kurarak sadakatlerini kazanabilirsiniz.<\/p><p><!-- \/wp:paragraph --><\/p>\t\t\t\t\t\t\t\t<\/div>\n\t\t\t\t<\/div>\n\t\t\t\t\t<\/div>\n\t\t\t\t<\/div>\n\t\t\t\t<\/div>\n\t\t","protected":false},"excerpt":{"rendered":"<p>\u00dcR\u00dcN MODELLEME VE G\u00d6RSELLE\u015eT\u0130RME Sanal Mekanlarda \u00dcr\u00fcnlerinizi Tan\u0131tman\u0131n Avantajlar\u0131 \u00dcr\u00fcn Tan\u0131t\u0131m\u0131n\u0131n G\u00fcc\u00fc G\u00fcn\u00fcm\u00fczde, \u00fcr\u00fcnlerinizi sanal mekanlarda tan\u0131tmak, markan\u0131z\u0131n g\u00f6r\u00fcn\u00fcrl\u00fc\u011f\u00fcn\u00fc art\u0131rman\u0131n ve m\u00fc\u015fterilere ula\u015fman\u0131n en etkili yollar\u0131ndan biridir. \u0130nternetin sundu\u011fu geni\u015f olanaklar sayesinde, hedef kitlenize h\u0131zl\u0131 bir \u015fekilde ula\u015fabilirsiniz. Bu, markan\u0131z\u0131 daha geni\u015f kitlelere tan\u0131tma f\u0131rsat\u0131 sunar. Dijital Platformlar\u0131n \u00d6nemi Sanal mekanlar, sosyal medya, e-ticaret web [&hellip;]<\/p>\n","protected":false},"author":1,"featured_media":5485,"parent":0,"menu_order":0,"comment_status":"closed","ping_status":"closed","template":"","meta":{"footnotes":""},"class_list":["post-5548","page","type-page","status-publish","has-post-thumbnail","hentry"],"_links":{"self":[{"href":"https:\/\/cebli.com\/index.php?rest_route=\/wp\/v2\/pages\/5548","targetHints":{"allow":["GET"]}}],"collection":[{"href":"https:\/\/cebli.com\/index.php?rest_route=\/wp\/v2\/pages"}],"about":[{"href":"https:\/\/cebli.com\/index.php?rest_route=\/wp\/v2\/types\/page"}],"author":[{"embeddable":true,"href":"https:\/\/cebli.com\/index.php?rest_route=\/wp\/v2\/users\/1"}],"replies":[{"embeddable":true,"href":"https:\/\/cebli.com\/index.php?rest_route=%2Fwp%2Fv2%2Fcomments&post=5548"}],"version-history":[{"count":11,"href":"https:\/\/cebli.com\/index.php?rest_route=\/wp\/v2\/pages\/5548\/revisions"}],"predecessor-version":[{"id":6273,"href":"https:\/\/cebli.com\/index.php?rest_route=\/wp\/v2\/pages\/5548\/revisions\/6273"}],"wp:featuredmedia":[{"embeddable":true,"href":"https:\/\/cebli.com\/index.php?rest_route=\/wp\/v2\/media\/5485"}],"wp:attachment":[{"href":"https:\/\/cebli.com\/index.php?rest_route=%2Fwp%2Fv2%2Fmedia&parent=5548"}],"curies":[{"name":"wp","href":"https:\/\/api.w.org\/{rel}","templated":true}]}}